{"id":1516,"date":"2024-03-27T17:08:06","date_gmt":"2024-03-27T16:08:06","guid":{"rendered":"http:\/\/10.10.48.18\/?page_id=1516"},"modified":"2024-03-28T10:07:46","modified_gmt":"2024-03-28T09:07:46","slug":"impressum","status":"publish","type":"page","link":"https:\/\/netcom-trading.de\/?page_id=1516","title":{"rendered":"Impressum"},"content":{"rendered":"\t\t<div data-elementor-type=\"wp-page\" data-elementor-id=\"1516\" class=\"elementor elementor-1516\">\n\t\t\t\t<div class=\"elementor-element elementor-element-4e1f406 e-flex e-con-boxed e-con e-parent\" data-id=\"4e1f406\" data-element_type=\"container\">\n\t\t\t\t\t<div class=\"e-con-inner\">\n\t\t\t\t<div class=\"elementor-element elementor-element-e0cb86d elementor-widget elementor-widget-heading\" data-id=\"e0cb86d\" data-element_type=\"widget\" data-widget_type=\"heading.default\">\n\t\t\t\t<div class=\"elementor-widget-container\">\n\t\t\t<style>\/*! elementor - v3.21.0 - 22-05-2024 *\/\n.elementor-heading-title{padding:0;margin:0;line-height:1}.elementor-widget-heading .elementor-heading-title[class*=elementor-size-]>a{color:inherit;font-size:inherit;line-height:inherit}.elementor-widget-heading .elementor-heading-title.elementor-size-small{font-size:15px}.elementor-widget-heading .elementor-heading-title.elementor-size-medium{font-size:19px}.elementor-widget-heading .elementor-heading-title.elementor-size-large{font-size:29px}.elementor-widget-heading .elementor-heading-title.elementor-size-xl{font-size:39px}.elementor-widget-heading .elementor-heading-title.elementor-size-xxl{font-size:59px}<\/style><h4 class=\"elementor-heading-title elementor-size-default\">NETCOM-TRADING UG (HAFTUNGSBESCHR\u00c4NKT) \u2013 IMPRESSUM<\/h4>\t\t<\/div>\n\t\t\t\t<\/div>\n\t\t\t\t\t<\/div>\n\t\t\t\t<\/div>\n\t\t<div class=\"elementor-element elementor-element-50db48d e-flex e-con-boxed e-con e-parent\" data-id=\"50db48d\" data-element_type=\"container\">\n\t\t\t\t\t<div class=\"e-con-inner\">\n\t\t\t\t<div class=\"elementor-element elementor-element-33bae89 elementor-widget elementor-widget-text-editor\" data-id=\"33bae89\" data-element_type=\"widget\" data-widget_type=\"text-editor.default\">\n\t\t\t\t<div class=\"elementor-widget-container\">\n\t\t\t<style>\/*! elementor - v3.21.0 - 22-05-2024 *\/\n.elementor-widget-text-editor.elementor-drop-cap-view-stacked .elementor-drop-cap{background-color:#69727d;color:#fff}.elementor-widget-text-editor.elementor-drop-cap-view-framed .elementor-drop-cap{color:#69727d;border:3px solid;background-color:transparent}.elementor-widget-text-editor:not(.elementor-drop-cap-view-default) .elementor-drop-cap{margin-top:8px}.elementor-widget-text-editor:not(.elementor-drop-cap-view-default) .elementor-drop-cap-letter{width:1em;height:1em}.elementor-widget-text-editor .elementor-drop-cap{float:left;text-align:center;line-height:1;font-size:50px}.elementor-widget-text-editor .elementor-drop-cap-letter{display:inline-block}<\/style>\t\t\t\t<h5><strong style=\"color: var(--theme-heading-color, var(--theme-heading-5-color, var(--theme-headings-color))); font-family: var(--theme-font-family); font-size: var(--theme-font-size); font-style: var(--theme-font-style, inherit); letter-spacing: var(--theme-letter-spacing); text-align: inherit; text-transform: var(--theme-text-transform); background-color: inherit;\">ANGABEN GEM\u00c4SS \u00a7 5 TMG<\/strong><\/h5>\n<p>Netcom-Trading UG (Haftungsbeschr\u00e4nkt<br>Siegburgerstr. 37<br>53757 Sankt Augustin<\/p>\n<h5><strong>VERTRETEN DURCH:<\/strong><\/h5>\n<p>Volker Stichternath<br>Daniel T\u00fccks<\/p>\n<h5><strong>KONTAKT<\/strong>:<\/h5>\n<p>Telefon: +49 (0)2241 95592153<\/p>\n<p>E-Mail: info@netcom-trading.de<\/p>\n<h5><strong>REGISTEREINTRAG:<\/strong><\/h5>\n<p>Eintragung im Handelsregister.<br>Registergericht: Amtsgericht Siegburg<br>Registernummer: HRB 14895<\/p>\n<h5><strong>UMSATZSTEUER:<\/strong><\/h5>\n<p>Umsatzsteuer-Identifikationsnummer gem\u00e4\u00df \u00a7 27a Umsatzsteuergesetz:<br>DE318699608<\/p>\n<h5><strong>ANGABEN ZUR BERUFSHAFTPFLICHTVERSICHERUNG<\/strong><\/h5>\n<p>Name und Sitz des Versicherers: Folgt\u2026<br>Geltungsraum der Versicherung: Folgt\u2026<\/p>\n<h5><strong>STREITSCHLICHTUNG<\/strong><\/h5>\n<p>Die Europ\u00e4ische Kommission stellt eine Plattform zur Online-Streitbeilegung (OS) bereit: https:\/\/ec.europa.eu\/consumers\/odr<br>Unsere E-Mail-Adresse finden Sie oben im Impressum.<br>Wir sind nicht bereit oder verpflichtet, an Streitbeilegungsverfahren vor einer Verbraucherschlichtungsstelle teilzunehmen.<\/p>\n<h5><strong>HAFTUNG F\u00dcR INHALTE<\/strong><\/h5>\n<p>Als Diensteanbieter sind wir gem\u00e4\u00df \u00a7 7 Abs. 1 TMG f\u00fcr eigene Inhalte auf diesen Seiten nach den allgemeinen Gesetzen verantwortlich. Nach \u00a7\u00a7 8 bis 10 TMG sind wir als Diensteanbieter jedoch nicht verpflichtet, \u00fcbermittelte oder gespeicherte fremde Informationen zu \u00fcberwachen oder nach Umst\u00e4nden zu forschen, die auf eine rechtswidrige T\u00e4tigkeit hinweisen.<br>Verpflichtungen zur Entfernung oder Sperrung der Nutzung von Informationen nach den allgemeinen Gesetzen bleiben hiervon unber\u00fchrt. Eine diesbez\u00fcgliche Haftung ist jedoch erst ab dem Zeitpunkt der Kenntnis einer konkreten Rechtsverletzung m\u00f6glich. Bei Bekanntwerden von entsprechenden Rechtsverletzungen werden wir diese Inhalte umgehend entfernen.<\/p>\n<h5><strong>HAFTUNG F\u00dcR LINKS<\/strong><\/h5>\n<p>Unser Angebot enth\u00e4lt Links zu externen Websites Dritter, auf deren Inhalte wir keinen Einfluss haben. Deshalb k\u00f6nnen wir f\u00fcr diese fremden Inhalte auch keine Gew\u00e4hr \u00fcbernehmen. F\u00fcr die Inhalte der verlinkten Seiten ist stets der jeweilige Anbieter oder Betreiber der Seiten verantwortlich. Die verlinkten Seiten wurden zum Zeitpunkt der Verlinkung auf m\u00f6gliche Rechtsverst\u00f6\u00dfe \u00fcberpr\u00fcft. Rechtswidrige Inhalte waren zum Zeitpunkt der Verlinkung nicht erkennbar.<br>Eine permanente inhaltliche Kontrolle der verlinkten Seiten ist jedoch ohne konkrete Anhaltspunkte einer Rechtsverletzung nicht zumutbar. Bei Bekanntwerden von Rechtsverletzungen werden wir derartige Links umgehend entfernen.<\/p>\n<h5><strong>URHEBERRECHT<\/strong><\/h5>\n<p>Die durch die Seitenbetreiber erstellten Inhalte und Werke auf diesen Seiten unterliegen dem deutschen Urheberrecht. Die Vervielf\u00e4ltigung, Bearbeitung, Verbreitung und jede Art der Verwertung au\u00dferhalb der Grenzen des Urheberrechtes bed\u00fcrfen der schriftlichen Zustimmung des jeweiligen Autors bzw. Erstellers. Downloads und Kopien dieser Seite sind nur f\u00fcr den privaten, nicht kommerziellen Gebrauch gestattet.<br>Soweit die Inhalte auf dieser Seite nicht vom Betreiber erstellt wurden, werden die Urheberrechte Dritter beachtet. Insbesondere werden Inhalte Dritter als solche gekennzeichnet. Sollten Sie trotzdem auf eine Urheberrechtsverletzung aufmerksam werden, bitten wir um einen entsprechenden Hinweis. Bei Bekanntwerden von Rechtsverletzungen werden wir derartige Inhalte umgehend entfernen.<\/p>\n<p>Quelle: eRecht24<\/p>\t\t\t\t\t\t<\/div>\n\t\t\t\t<\/div>\n\t\t\t\t\t<\/div>\n\t\t\t\t<\/div>\n\t\t\t\t<\/div>\n\t\t","protected":false},"excerpt":{"rendered":"<p>NETCOM-TRADING UG (HAFTUNGSBESCHR\u00c4NKT) \u2013 IMPRESSUM ANGABEN GEM\u00c4SS \u00a7 5 TMG Netcom-Trading UG (Haftungsbeschr\u00e4nktSiegburgerstr. 3753757 Sankt Augustin VERTRETEN DURCH: Volker StichternathDaniel T\u00fccks KONTAKT: Telefon: +49 (0)2241 95592153 E-Mail: info@netcom-trading.de REGISTEREINTRAG: Eintragung im Handelsregister.Registergericht: Amtsgericht SiegburgRegisternummer: HRB 14895 UMSATZSTEUER: Umsatzsteuer-Identifikationsnummer gem\u00e4\u00df \u00a7 27a Umsatzsteuergesetz:DE318699608 ANGABEN ZUR BERUFSHAFTPFLICHTVERSICHERUNG Name und Sitz des Versicherers: Folgt\u2026Geltungsraum der Versicherung: Folgt\u2026 STREITSCHLICHTUNG [&hellip;]<\/p>\n","protected":false},"author":1,"featured_media":0,"parent":0,"menu_order":0,"comment_status":"closed","ping_status":"closed","template":"","meta":{"footnotes":""},"blocksy_meta":[],"_links":{"self":[{"href":"https:\/\/netcom-trading.de\/index.php?rest_route=\/wp\/v2\/pages\/1516"}],"collection":[{"href":"https:\/\/netcom-trading.de\/index.php?rest_route=\/wp\/v2\/pages"}],"about":[{"href":"https:\/\/netcom-trading.de\/index.php?rest_route=\/wp\/v2\/types\/page"}],"author":[{"embeddable":true,"href":"https:\/\/netcom-trading.de\/index.php?rest_route=\/wp\/v2\/users\/1"}],"replies":[{"embeddable":true,"href":"https:\/\/netcom-trading.de\/index.php?rest_route=%2Fwp%2Fv2%2Fcomments&post=1516"}],"version-history":[{"count":7,"href":"https:\/\/netcom-trading.de\/index.php?rest_route=\/wp\/v2\/pages\/1516\/revisions"}],"predecessor-version":[{"id":1544,"href":"https:\/\/netcom-trading.de\/index.php?rest_route=\/wp\/v2\/pages\/1516\/revisions\/1544"}],"wp:attachment":[{"href":"https:\/\/netcom-trading.de\/index.php?rest_route=%2Fwp%2Fv2%2Fmedia&parent=1516"}],"curies":[{"name":"wp","href":"https:\/\/api.w.org\/{rel}","templated":true}]}}